{"id":9,"date":"2019-05-19T11:48:44","date_gmt":"2019-05-19T09:48:44","guid":{"rendered":"http:\/\/cogitusinterruptus.fr\/?page_id=9"},"modified":"2019-05-20T13:54:36","modified_gmt":"2019-05-20T11:54:36","slug":"a-propos-de","status":"publish","type":"page","link":"https:\/\/cogitusinterruptus.fr\/?page_id=9","title":{"rendered":"\u00c0 propos de"},"content":{"rendered":"<p>Je me suis perdue il y a longtemps d\u00e9j\u00e0, quelque part sur Terre, mais surtout ailleurs. J&rsquo;ai d\u00e9j\u00e0 l&rsquo;impression d&rsquo;avoir v\u00e9cu mille an&#8230; et pourtant je suis toujours cette petite fille r\u00eaveuse coinc\u00e9e dans un corps de femme trop r\u00e9el pour l&rsquo;aimer.\u00a0 Qui suis-je ? Bient\u00f4t quatre d\u00e9cennies et toujours aucune r\u00e9ponse. Seul subsiste les questions&#8230;<\/p>\n<p>\u00a0<\/p>\n\n\n<p><\/p>\n","protected":false},"excerpt":{"rendered":"<p>Je me suis perdue il y a longtemps d\u00e9j\u00e0, quelque part sur Terre, mais surtout ailleurs. J&rsquo;ai d\u00e9j\u00e0 l&rsquo;impression d&rsquo;avoir v\u00e9cu mille an&#8230; et pourtant je suis toujours cette petite fille r\u00eaveuse coinc\u00e9e dans un corps de femme trop r\u00e9el pour l&rsquo;aimer.\u00a0 Qui suis-je ? Bient\u00f4t quatre d\u00e9cennies et toujours aucune r\u00e9ponse. Seul subsiste les questions&#8230; \u00a0<\/p>\n","protected":false},"author":1,"featured_media":0,"parent":0,"menu_order":0,"comment_status":"closed","ping_status":"closed","template":"","meta":[],"_links":{"self":[{"href":"https:\/\/cogitusinterruptus.fr\/index.php?rest_route=\/wp\/v2\/pages\/9"}],"collection":[{"href":"https:\/\/cogitusinterruptus.fr\/index.php?rest_route=\/wp\/v2\/pages"}],"about":[{"href":"https:\/\/cogitusinterruptus.fr\/index.php?rest_route=\/wp\/v2\/types\/page"}],"author":[{"embeddable":true,"href":"https:\/\/cogitusinterruptus.fr\/index.php?rest_route=\/wp\/v2\/users\/1"}],"replies":[{"embeddable":true,"href":"https:\/\/cogitusinterruptus.fr\/index.php?rest_route=%2Fwp%2Fv2%2Fcomments&post=9"}],"version-history":[{"count":5,"href":"https:\/\/cogitusinterruptus.fr\/index.php?rest_route=\/wp\/v2\/pages\/9\/revisions"}],"predecessor-version":[{"id":52,"href":"https:\/\/cogitusinterruptus.fr\/index.php?rest_route=\/wp\/v2\/pages\/9\/revisions\/52"}],"wp:attachment":[{"href":"https:\/\/cogitusinterruptus.fr\/index.php?rest_route=%2Fwp%2Fv2%2Fmedia&parent=9"}],"curies":[{"name":"wp","href":"https:\/\/api.w.org\/{rel}","templated":true}]}}